{"id":463,"date":"2025-06-22T20:31:13","date_gmt":"2025-06-22T18:31:13","guid":{"rendered":"https:\/\/fermedesclosduzes.fr\/?page_id=463"},"modified":"2026-03-18T07:50:19","modified_gmt":"2026-03-18T06:50:19","slug":"restaurant-a-la-ferme","status":"publish","type":"page","link":"https:\/\/fermedesclosduzes.fr\/?page_id=463","title":{"rendered":"RESTAURANT A LA FERME"},"content":{"rendered":"\n<p><\/p>\n\n\n\n<p class=\"has-text-align-center has-large-font-size\" style=\"font-style:normal;font-weight:700\">LA GUINGUETTE FERME SES PORTES; MERCI  D\u2019\u00caTRES VENUS SI NOMBREUX ET NOMBREUSES<\/p>\n\n\n\n<p class=\"has-text-align-center has-medium-font-size\"><\/p>\n\n\n\n<p><\/p>\n\n\n\n<p><\/p>\n\n\n\n<p class=\"has-text-align-center\"><strong>Rdv en \u00e9t\u00e9 2026 pour go\u00fbter \u00e0 nouveaux les bons produits de l&rsquo;Uz\u00e8ge<\/strong><\/p>\n\n\n\n<p class=\"has-text-align-center\"><\/p>\n\n\n\n<p class=\"has-text-align-center\"><strong>Tous les jeudis de 19h30 \u00e0 22h en juin, juillet et ao\u00fbt<\/strong><\/p>\n\n\n\n<p class=\"has-text-align-center\"><strong><u>R\u00e9servation au 0619739412, places limit\u00e9es<\/u><\/strong><\/p>\n","protected":false},"excerpt":{"rendered":"<p>LA GUINGUETTE FERME SES PORTES; MERCI D\u2019\u00caTRES VENUS SI NOMBREUX ET NOMBREUSES Rdv en \u00e9t\u00e9 2026 pour go\u00fbter \u00e0 nouveaux les bons produits de l&rsquo;Uz\u00e8ge Tous les jeudis de 19h30 \u00e0 22h en juin, juillet et ao\u00fbt R\u00e9servation au 0619739412, places limit\u00e9es<\/p>\n","protected":false},"author":1,"featured_media":0,"parent":0,"menu_order":0,"comment_status":"closed","ping_status":"closed","template":"","meta":{"footnotes":""},"class_list":["post-463","page","type-page","status-publish","hentry"],"jetpack_sharing_enabled":true,"_links":{"self":[{"href":"https:\/\/fermedesclosduzes.fr\/index.php?rest_route=\/wp\/v2\/pages\/463","targetHints":{"allow":["GET"]}}],"collection":[{"href":"https:\/\/fermedesclosduzes.fr\/index.php?rest_route=\/wp\/v2\/pages"}],"about":[{"href":"https:\/\/fermedesclosduzes.fr\/index.php?rest_route=\/wp\/v2\/types\/page"}],"author":[{"embeddable":true,"href":"https:\/\/fermedesclosduzes.fr\/index.php?rest_route=\/wp\/v2\/users\/1"}],"replies":[{"embeddable":true,"href":"https:\/\/fermedesclosduzes.fr\/index.php?rest_route=%2Fwp%2Fv2%2Fcomments&post=463"}],"version-history":[{"count":18,"href":"https:\/\/fermedesclosduzes.fr\/index.php?rest_route=\/wp\/v2\/pages\/463\/revisions"}],"predecessor-version":[{"id":553,"href":"https:\/\/fermedesclosduzes.fr\/index.php?rest_route=\/wp\/v2\/pages\/463\/revisions\/553"}],"wp:attachment":[{"href":"https:\/\/fermedesclosduzes.fr\/index.php?rest_route=%2Fwp%2Fv2%2Fmedia&parent=463"}],"curies":[{"name":"wp","href":"https:\/\/api.w.org\/{rel}","templated":true}]}}