{"id":310,"date":"2024-07-28T13:46:15","date_gmt":"2024-07-28T11:46:15","guid":{"rendered":"https:\/\/fermedesclosduzes.fr\/?page_id=310"},"modified":"2026-03-18T07:55:14","modified_gmt":"2026-03-18T06:55:14","slug":"la-vente-a-la-ferme","status":"publish","type":"page","link":"https:\/\/fermedesclosduzes.fr\/?page_id=310","title":{"rendered":"LA VENTE A LA FERME"},"content":{"rendered":"\n<div class=\"wp-block-cover has-parallax\"><div class=\"wp-block-cover__image-background wp-image-312 has-parallax\" style=\"background-position:50% 50%;background-image:url(https:\/\/fermedesclosduzes.fr\/wp-content\/uploads\/2024\/07\/IMG_2430-scaled.jpg)\"><\/div><span aria-hidden=\"true\" class=\"wp-block-cover__background has-background-dim-0 has-background-dim\" style=\"background-color:#666562\"><\/span><div class=\"wp-block-cover__inner-container is-layout-constrained wp-block-cover-is-layout-constrained\">\n<p class=\"has-text-align-center has-large-font-size\"><\/p>\n<\/div><\/div>\n\n\n\n<p><\/p>\n\n\n\n<p class=\"has-text-align-center\"><strong>Nous vendons nos fruits et l\u00e9gumes, miels, oeufs, huile d&rsquo;olive et confiture de ch\u00e2taigne sur place toute l&rsquo;ann\u00e9e:<\/strong><\/p>\n\n\n\n<p class=\"has-text-align-center\"><\/p>\n\n\n\n<p class=\"has-text-align-center\">En <strong>automne, hiver et printemps<\/strong>, <\/p>\n\n\n\n<p>nous fonctionnons <strong>sur commande<\/strong>, avec un rendez-vous hebdomadaire pour r\u00e9cup\u00e9rer votre panier. N&rsquo;h\u00e9sitez pas \u00e0 nous envoyer un e-mail (<strong>mazet[@]fermedesclosduzes.fr<\/strong>) pour recevoir la <strong>liste des produits disponibles<\/strong>. (Produits de notre ferme et des fermes voisines avec lesquelles nous nous groupons)<\/p>\n\n\n\n<p><\/p>\n\n\n\n<p class=\"has-text-align-center\">L&rsquo;<strong>\u00e9t\u00e9,<\/strong> <\/p>\n\n\n\n<p>nous vous accueillons les lundi et jeudis <strong>de 17h30 \u00e0 19h pour un march\u00e9 \u00e0 la ferme<\/strong> en vente directe. Nous invitons les producteurs locaux de l&rsquo;uz\u00e8ge \u00e0 venir vendre \u00e0 cette occasion. Vous y trouverez nos produits (fruits et l\u00e9gumes, miels, confiture, oeufs, huile d&rsquo;olive &#8230;) ainsi que du pain, des fromages et de la viande (le jeudi), et de temps en temps, vins, l\u00e9gumineuses, cosm\u00e9tiques&#8230;<\/p>\n\n\n\n<p>C&rsquo;est aussi l&rsquo;occasion d&rsquo;une <strong>promenade libre dans le potager.<\/strong><\/p>\n\n\n\n<figure class=\"wp-block-image size-large\"><img loading=\"lazy\" decoding=\"async\" width=\"1024\" height=\"768\" src=\"https:\/\/fermedesclosduzes.fr\/wp-content\/uploads\/2024\/07\/IMG_0960-1024x768.jpg\" alt=\"\" class=\"wp-image-317\" srcset=\"https:\/\/fermedesclosduzes.fr\/wp-content\/uploads\/2024\/07\/IMG_0960-1024x768.jpg 1024w, https:\/\/fermedesclosduzes.fr\/wp-content\/uploads\/2024\/07\/IMG_0960-300x225.jpg 300w, https:\/\/fermedesclosduzes.fr\/wp-content\/uploads\/2024\/07\/IMG_0960-768x576.jpg 768w, https:\/\/fermedesclosduzes.fr\/wp-content\/uploads\/2024\/07\/IMG_0960-1536x1152.jpg 1536w, https:\/\/fermedesclosduzes.fr\/wp-content\/uploads\/2024\/07\/IMG_0960-2048x1536.jpg 2048w\" sizes=\"auto, (max-width: 1024px) 100vw, 1024px\" \/><\/figure>\n\n\n\n<p><\/p>\n\n\n\n<p><\/p>\n","protected":false},"excerpt":{"rendered":"<p>Nous vendons nos fruits et l\u00e9gumes, miels, oeufs, huile d&rsquo;olive et confiture de ch\u00e2taigne sur place toute l&rsquo;ann\u00e9e: En automne, hiver et printemps, nous fonctionnons sur commande, avec un rendez-vous hebdomadaire pour r\u00e9cup\u00e9rer votre panier. N&rsquo;h\u00e9sitez pas \u00e0 nous envoyer un e-mail (mazet[@]fermedesclosduzes.fr) pour recevoir la liste des produits disponibles. (Produits de notre ferme et des fermes voisines avec lesquelles nous nous groupons) L&rsquo;\u00e9t\u00e9, nous vous accueillons les lundi et jeudis de 17h30 \u00e0 19h pour un march\u00e9 \u00e0 la ferme en vente directe. Nous invitons les producteurs locaux de l&rsquo;uz\u00e8ge \u00e0 venir vendre \u00e0 cette occasion. Vous y trouverez nos produits (fruits et l\u00e9gumes, miels, confiture, oeufs, huile d&rsquo;olive &#8230;) ainsi que du pain, des fromages et de la viande (le jeudi), et de temps en temps, vins, l\u00e9gumineuses, cosm\u00e9tiques&#8230; C&rsquo;est aussi l&rsquo;occasion d&rsquo;une promenade libre dans le potager.<\/p>\n","protected":false},"author":1,"featured_media":0,"parent":0,"menu_order":0,"comment_status":"closed","ping_status":"closed","template":"","meta":{"footnotes":""},"class_list":["post-310","page","type-page","status-publish","hentry"],"jetpack_sharing_enabled":true,"_links":{"self":[{"href":"https:\/\/fermedesclosduzes.fr\/index.php?rest_route=\/wp\/v2\/pages\/310","targetHints":{"allow":["GET"]}}],"collection":[{"href":"https:\/\/fermedesclosduzes.fr\/index.php?rest_route=\/wp\/v2\/pages"}],"about":[{"href":"https:\/\/fermedesclosduzes.fr\/index.php?rest_route=\/wp\/v2\/types\/page"}],"author":[{"embeddable":true,"href":"https:\/\/fermedesclosduzes.fr\/index.php?rest_route=\/wp\/v2\/users\/1"}],"replies":[{"embeddable":true,"href":"https:\/\/fermedesclosduzes.fr\/index.php?rest_route=%2Fwp%2Fv2%2Fcomments&post=310"}],"version-history":[{"count":25,"href":"https:\/\/fermedesclosduzes.fr\/index.php?rest_route=\/wp\/v2\/pages\/310\/revisions"}],"predecessor-version":[{"id":555,"href":"https:\/\/fermedesclosduzes.fr\/index.php?rest_route=\/wp\/v2\/pages\/310\/revisions\/555"}],"wp:attachment":[{"href":"https:\/\/fermedesclosduzes.fr\/index.php?rest_route=%2Fwp%2Fv2%2Fmedia&parent=310"}],"curies":[{"name":"wp","href":"https:\/\/api.w.org\/{rel}","templated":true}]}}